{"id":610,"date":"2025-04-04T10:42:22","date_gmt":"2025-04-04T08:42:22","guid":{"rendered":"https:\/\/cittaamicheunicef.comune.succivo.ce.it\/?page_id=610"},"modified":"2025-12-03T11:06:44","modified_gmt":"2025-12-03T10:06:44","slug":"news","status":"publish","type":"page","link":"http:\/\/cittaamicheunicef.comune.succivo.ce.it\/?page_id=610","title":{"rendered":"News"},"content":{"rendered":"\n<h2 class=\"wp-block-heading\">Concorso fotografico \u201cUno scatto per il clima: ambiente e futuro visti da me\u201d<\/h2>\n\n\n\n<p>In occasione della Giornata per l&#8217;Ambiente, il 5 giugno scorso \u00e8 stato lanciato da UNICEF Italia il concorso fotografico<strong>&nbsp;&#8220;Uno scatto per il clima: ambiente e futuro visti da me&#8221;<\/strong>&nbsp;rivolto a ragazze e ragazzi tra i&nbsp;<strong>14 e i 19 anni.<\/strong><\/p>\n\n\n\n<p><strong><br><\/strong>L\u2019obiettivo \u00e8 sensibilizzare le nuove generazioni sul&nbsp;<strong>cambiamento climatico<\/strong>&nbsp;utilizzando uno strumento creativo ed espressivo come la fotografia.<\/p>\n\n\n\n<p>I partecipanti sono invitati a raccontare, con un&#8217;immagine, il proprio punto di vista sul tema dell&#8217;ambiente, della crisi climatica e dell&#8217;impatto che questi hanno sulla vita quotidiana e sul futuro del nostro pianeta. Un&#8217;opportunit\u00e0 importante per dare voce ai giovani e renderli protagonisti del cambiamento.<\/p>\n\n\n\n<p><strong><br>Le fotografie devono essere inviate entro il 30 novembre 2025<\/strong><\/p>\n\n\n\n<p>Per partecipare \u00e8 necessario iscriversi al seguente link:&nbsp;&nbsp;<a href=\"https:\/\/forms.office.com\/pages\/responsepage.aspx?id=zQBCihWvpUK62lTdlkiOl_blrOseXEZHra2hiyZ6Hd5UN0hFNU5OWVkyVDNTRDZTUEM0MVJBV1NQWS4u&amp;origin=lprLink&amp;route=shorturl\" target=\"_blank\" rel=\"noreferrer noopener\">Modulo di iscrizione<\/a><\/p>\n\n\n\n<p>Per maggiori info sul concorso:&nbsp;<a href=\"https:\/\/www.unicef.it\/diritti-bambini-italia\/clima-e-diritti\/concorso-fotografico\/\" target=\"_blank\" rel=\"noreferrer noopener\">Uno scatto per il clima: ambiente e futuro visti da me | UNICEF Italia<\/a><\/p>\n\n\n\n<p>Il regolamento completo del concorso \u00e8 disponibile qui: <a href=\"https:\/\/www.datocms-assets.com\/30196\/1746020335-regolamento-concorso-fotografico-unicef_uno-scatto-per-il-clima.pdf\" target=\"_blank\" rel=\"noreferrer noopener\">Regolamento del concorso (PDF)<\/a><\/p>\n\n\n\n<figure class=\"wp-block-gallery has-nested-images columns-default is-cropped wp-block-gallery-1 is-layout-flex wp-block-gallery-is-layout-flex\">\n<figure class=\"wp-block-image size-large\"><img loading=\"lazy\" decoding=\"async\" width=\"829\" height=\"1024\" data-id=\"679\" src=\"https:\/\/cittaamicheunicef.comune.succivo.ce.it\/wp-content\/uploads\/2025\/09\/img-363284-O-29-1463-0-0-b393ac1db13f8db85e36a871dca034e2-1-829x1024.jpg\" alt=\"\" class=\"wp-image-679\" srcset=\"http:\/\/cittaamicheunicef.comune.succivo.ce.it\/wp-content\/uploads\/2025\/09\/img-363284-O-29-1463-0-0-b393ac1db13f8db85e36a871dca034e2-1-829x1024.jpg 829w, http:\/\/cittaamicheunicef.comune.succivo.ce.it\/wp-content\/uploads\/2025\/09\/img-363284-O-29-1463-0-0-b393ac1db13f8db85e36a871dca034e2-1-243x300.jpg 243w, http:\/\/cittaamicheunicef.comune.succivo.ce.it\/wp-content\/uploads\/2025\/09\/img-363284-O-29-1463-0-0-b393ac1db13f8db85e36a871dca034e2-1-768x949.jpg 768w, http:\/\/cittaamicheunicef.comune.succivo.ce.it\/wp-content\/uploads\/2025\/09\/img-363284-O-29-1463-0-0-b393ac1db13f8db85e36a871dca034e2-1.jpg 1024w\" sizes=\"auto, (max-width: 829px) 100vw, 829px\" \/><\/figure>\n<\/figure>\n\n\n\n<p><strong>Primo rapporto e Primo racconto sulla condizione dell\u2019infanzia e dell\u2019adolescenza nel Comune di Succivo&nbsp;<\/strong><\/p>\n\n\n\n<p>Il Comune di Succivo nelle prossime settimane ricever\u00e0 l\u2019accreditamento di Unicef come <strong>\u201cCitt\u00e0 amica dei bambini e degli adolescenti\u201d<\/strong>, un riconoscimento importante per il quale l\u2019Amministrazione comunale ha lavorato tanto e sul quale si sono concentrati gli sforzi di tutti gli uffici comunali.<\/p>\n\n\n\n<p>Grazie al contributo determinante del \u201c<strong>Tavolo di coordinamento tecnico e politico\u201d<\/strong> e del <strong>\u201cTavolo di coordinamento tra Amministrazione e Societ\u00e0 civile &#8211;&nbsp; Osservatorio permanente comunale sulla qualit\u00e0 della vita dei bambini e degli adolescenti nella citt\u00e0\u201d <\/strong>si \u00e8 potuta svolgere un\u2019analisi della condizione dell\u2019infanzia e dell\u2019adolescenza in citt\u00e0, per una valutazione \u201cante\u201d e \u201cpost\u201d dell\u2019impatto delle politiche intraprese. A partire dall\u2019analisi svolta, si sono potute pianificare iniziative ed azioni per promuovere politiche concrete a favore dei minori, migliorare la qualit\u00e0 della loro vita e creare un ambiente attento alle loro esigenze e ai loro desideri.<\/p>\n\n\n\n<p>L\u2019analisi alla fine ha portato alla stesura del \u201c<strong>Primo rapporto sulla condizione dell\u2019infanzia e dell\u2019adolescenza nel Comune di Succivo<\/strong>\u201d pensato principalmente per gli adulti e del \u201c<strong>Primo racconto sui bambini e sulle bambine, sui ragazzi e sulle ragazze di Succivo\u201d <\/strong>destinato alla fascia under 18.<\/p>\n\n\n\n<p>In attesa della cerimonia pubblica di accreditamento in cui saranno presentati ufficialmente i due rapporti \u00e8 possibile scaricarli e consultarli qui:<\/p>\n\n\n\n<p><strong>&#8211; <a href=\"http:\/\/cittaamicheunicef.comune.succivo.ce.it\/wp-content\/uploads\/2025\/07\/Rapporto20Succivo.pdf_compressed.pdf\">Primo rapporto sulla condizione dell\u2019infanzia e dell\u2019adolescenza nel Comune di Succivo<\/a><\/strong> <\/p>\n\n\n\n<p><strong>&#8211; <u><a href=\"http:\/\/cittaamicheunicef.comune.succivo.ce.it\/wp-content\/uploads\/2025\/07\/Comune_di_Succivo_Rapporto-Succivo-per-bambini_rev.05_compressed.pdf\" download=\"\" target=\"_blank\">Primo racconto sui bambini e sulle bambine, sui ragazzi e sulle ragazze di Succivo<\/a><\/u><\/strong><\/p>\n\n\n\n<h2 class=\"wp-block-heading\"><strong>Mappatura dei servizi\/progetti rivolti ai minori del Comune di Succivo<\/strong><\/h2>\n\n\n\n<p>&nbsp;L\u2019Amministrazione comunale rende noto che \u00e8 possibile prendere visione e consultare la Mappatura dei servizi\/progetti rivolti ai minori del Comune di Succivo, con il collegamento tra la Convenzione Onu sui diritti dell\u2019infanzia e dell\u2019adolescenza e gli obiettivi di sviluppo sostenibile dell\u2019Agenda Onu 2030.<\/p>\n\n\n\n<p>Un lavoro sinergico su cui si sono concentrati gli sforzi di tutti i Settori del Comune e dei relativi Assessorati. La mappatura elenca per ogni servizio offerto ai bambini, alle bambine e alle\/agli adolescenti, gli atti amministrativi, la strategia e le voci in bilancio dedicate al T\/0 (tempo zero, punto di partenza del progetto, ovvero il 2023) e al T\/1 (tempo 1, ovvero relativo al 2024 e 2025). &nbsp;Per ogni progetto\/servizio, inoltre, \u00e8 stato individuato un indicatore preciso e misurabile, fondamentale per lo svolgimento dell\u2019analisi della condizione dell\u2019infanzia e dell\u2019adolescenza in citt\u00e0 e per la valutazione \u201cante\u201d e \u201cpost\u201d dell\u2019impatto delle politiche intraprese.<\/p>\n\n\n\n<div class=\"wp-block-file\"><a id=\"wp-block-file--media-67b8c691-6a96-4294-ac2b-df1e8435a02c\" href=\"https:\/\/cittaamicheunicef.comune.succivo.ce.it\/wp-content\/uploads\/2025\/06\/All_Mappatura-dei-servizi-2023_progetti-2024_2025.xlsx\"><strong><mark style=\"background-color:rgba(0, 0, 0, 0)\" class=\"has-inline-color has-black-color\">All_Mappatura dei servizi 2023_progetti 2024_2025<\/mark><\/strong><\/a><a href=\"https:\/\/cittaamicheunicef.comune.succivo.ce.it\/wp-content\/uploads\/2025\/06\/All_Mappatura-dei-servizi-2023_progetti-2024_2025.xlsx\" class=\"wp-block-file__button wp-element-button\" download aria-describedby=\"wp-block-file--media-67b8c691-6a96-4294-ac2b-df1e8435a02c\">Download<\/a><\/div>\n\n\n\n<h2 class=\"wp-block-heading\">A ruote libere: studenti, biciclette e sostenibilit\u00e0 urbana<\/h2>\n\n\n\n<p>l\u2019UNICEF Italia, FIAB\/Federazione Italiana Ambiente e Bicicletta e il CNR ISSIRFA\/Istituto di Studi sui Sistemi Regionali, Federali e sulle Autonomie hanno lanciato la nuova pubblicazione<strong>&nbsp;\u201cA ruote libere- Partiamo dalla scuola e andiamoci in bici\u201d, <\/strong>prima indagine sull\u2019uso della bicicletta come mezzo di mobilit\u00e0 nel tragitto casa \u2013 scuola e prima collaborazione per la promozione della bicicletta nella quotidianit\u00e0 per un futuro sostenibile.<\/p>\n\n\n\n<p><\/p>\n\n\n\n<a href=\"http:\/\/cittaamicheunicef.comune.succivo.ce.it\/wp-content\/uploads\/2025\/04\/CS_RuoteLibere_.docx\" download>\n  <figure class=\"wp-block-image aligncenter size-full\">\n    <img loading=\"lazy\" decoding=\"async\" width=\"401\" height=\"467\" src=\"https:\/\/cittaamicheunicef.comune.succivo.ce.it\/wp-content\/uploads\/2025\/04\/1743513815-a-ruote-libere-copertina.jpg\" alt=\"\" class=\"wp-image-614\" srcset=\"http:\/\/cittaamicheunicef.comune.succivo.ce.it\/wp-content\/uploads\/2025\/04\/1743513815-a-ruote-libere-copertina.jpg 401w, http:\/\/cittaamicheunicef.comune.succivo.ce.it\/wp-content\/uploads\/2025\/04\/1743513815-a-ruote-libere-copertina-258x300.jpg 258w\" sizes=\"auto, (max-width: 401px) 100vw, 401px\" \/>\n  <\/figure>\n<\/a>\n\n\n\n<p>Clicca sulla locandina per scaricare<\/p>\n\n\n\n<p>Le pubblicazioni dell&#8217;UNICEF offrono una panoramica completa sulle problematiche legate ai diritti dei bambini e alle condizioni di vita nei vari contesti globali. Attraverso rapporti, studi e analisi, l&#8217;UNICEF si impegna a sensibilizzare l&#8217;opinione pubblica e a supportare le politiche a favore dei minori. In questa sezione, troverai documenti essenziali che riflettono l&#8217;impegno dell&#8217;UNICEF per un mondo pi\u00f9 equo, sicuro e giusto per ogni bambino.<\/p>\n\n\n\n<p>Per altre pubblicazioni, visita il sito ufficiale dell&#8217;UNICEF <a class=\"\" href=\"https:\/\/www.unicef.it\/pubblicazioni\/\">qui<\/a>.<\/p>\n\n\n\n<h2 class=\"wp-block-heading\">\ud83c\udf1f <em>Il Comune di Succivo aderisce a \u201cGo Blue\u201d per la Giornata internazionale dell\u2019infanzia e dell\u2019adolescenza<\/em> \ud83c\udf1f<\/h2>\n\n\n\n<p>Il <strong>Comune di Succivo<\/strong> partecipa anche quest\u2019anno all\u2019iniziativa <strong>#GoBlue<\/strong>, promossa da <strong>UNICEF Italia<\/strong> e <strong>ANCI<\/strong>, in occasione della <strong>Giornata internazionale dell\u2019infanzia e dell\u2019adolescenza<\/strong>, celebrata il <strong>20 novembre<\/strong>.<\/p>\n\n\n\n<p>Per testimoniare il nostro impegno nella promozione e tutela dei diritti di bambini e adolescenti, il Comune illuminer\u00e0 di blu <strong>[inserire monumento\/edificio]<\/strong>, simbolo della volont\u00e0 di Succivo di sostenere i valori della <strong>Convenzione ONU sui diritti dell\u2019infanzia e dell\u2019adolescenza<\/strong>, approvata 36 anni fa.<\/p>\n\n\n\n<p>\ud83d\udcf8 Una volta illuminato, pubblicheremo la foto ufficiale dell\u2019edificio\/monumento sui nostri canali social, utilizzando l\u2019hashtag <strong>#GoBlue<\/strong> e taggando <strong>@unicefitalia<\/strong>, per contribuire alla diffusione del messaggio.<\/p>\n\n\n\n<p>\ud83d\udcd8 Il Comune di Succivo provveder\u00e0 inoltre a diffondere la <strong>Convenzione ONU<\/strong> e i materiali informativi UNICEF nei luoghi frequentati da bambini e ragazzi, per promuovere la conoscenza dei loro diritti fondamentali.<\/p>\n\n\n\n<hr class=\"wp-block-separator has-alpha-channel-opacity\"\/>\n\n\n\n<h3 class=\"wp-block-heading\">\u2728 L\u2019impegno di Succivo<\/h3>\n\n\n\n<p>Attraverso questo gesto simbolico, il <strong>Comune di Succivo<\/strong> rinnova il proprio impegno a favore della tutela, del benessere e della partecipazione delle giovani generazioni.<\/p>\n\n\n\n<div data-wp-interactive=\"core\/file\" class=\"wp-block-file\"><object data-wp-bind--hidden=\"!state.hasPdfPreview\" hidden class=\"wp-block-file__embed\" data=\"https:\/\/cittaamicheunicef.comune.succivo.ce.it\/wp-content\/uploads\/2025\/11\/poster_compressed-1.pdf\" type=\"application\/pdf\" style=\"width:100%;height:600px\" aria-label=\"Incorporamento di \n       poster_compressed\n    .\"><\/object><a id=\"wp-block-file--media-fc9b9e13-2f41-4b7a-83a0-329dc6e41024\" href=\"https:\/\/cittaamicheunicef.comune.succivo.ce.it\/wp-content\/uploads\/2025\/11\/poster_compressed-1.pdf\">\n       poster_compressed\n    <\/a><a href=\"https:\/\/cittaamicheunicef.comune.succivo.ce.it\/wp-content\/uploads\/2025\/11\/poster_compressed-1.pdf\" class=\"wp-block-file__button wp-element-button\" download aria-describedby=\"wp-block-file--media-fc9b9e13-2f41-4b7a-83a0-329dc6e41024\">\n        <img decoding=\"async\" src=\"URL_DELLA_TUA_IMMAGINE.jpg\" alt=\"poster_compressed\" style=\"max-width:100%; height:auto; cursor:pointer; border:1px solid #ddd; border-radius:8px;\">\n    <\/a><\/div>\n\n\n\n<div data-wp-interactive=\"core\/file\" class=\"wp-block-file\"><object data-wp-bind--hidden=\"!state.hasPdfPreview\" hidden class=\"wp-block-file__embed\" data=\"https:\/\/cittaamicheunicef.comune.succivo.ce.it\/wp-content\/uploads\/2025\/11\/1760946449-passaportodiritti_2025_web_compressed.pdf\" type=\"application\/pdf\" style=\"width:100%;height:600px\" aria-label=\"Incorporamento di 1760946449-passaportodiritti_2025_web_compressed.\"><\/object><a id=\"wp-block-file--media-559a0eee-1d7a-4823-86cc-cea99bbd34b6\" href=\"https:\/\/cittaamicheunicef.comune.succivo.ce.it\/wp-content\/uploads\/2025\/11\/1760946449-passaportodiritti_2025_web_compressed.pdf\">1760946449-passaportodiritti_2025_web_compressed<\/a><a href=\"https:\/\/cittaamicheunicef.comune.succivo.ce.it\/wp-content\/uploads\/2025\/11\/1760946449-passaportodiritti_2025_web_compressed.pdf\" class=\"wp-block-file__button wp-element-button\" download aria-describedby=\"wp-block-file--media-559a0eee-1d7a-4823-86cc-cea99bbd34b6\">Download<\/a><\/div>\n\n\n\n<p>Per saperne di pi\u00f9 sul progetto Go Blue, visita il sito ufficiale UNICEF <a href=\"https:\/\/www.unicef.it\/italia-amica-dei-bambini\/citta-amiche\/go-blue\/\">qui<\/a><\/p>\n\n\n\n<h2 class=\"wp-block-heading\">Raccolta di Alimenti, Giocattoli e Libri \u2013 Edizione Natale 2025<\/h2>\n\n\n\n<p>Il Comune di Succivo informa che, in occasione delle festivit\u00e0 natalizie, \u00e8 stata avviata la Raccolta di Alimenti, Giocattoli e Libri destinata alle famiglie e ai minori in difficolt\u00e0.<\/p>\n\n\n\n<p>\ud83d\udccc&nbsp;<strong>RACCOLTA DI BENI ALIMENTARI<\/strong><\/p>\n\n\n\n<p>I cittadini potranno donare generi alimentari presso:<strong><br><br>Parrocchia della Trasfigurazione<\/strong><\/p>\n\n\n\n<p>Piazza IV Novembre \u2013 Succivo<\/p>\n\n\n\n<p>Tutti i giorni<br><strong>da sabato 29 novembre 2025<\/strong><br><strong>a luned\u00ec 5 gennaio 2026<\/strong><\/p>\n\n\n\n<p>\ud83d\udccc&nbsp;<strong>RACCOLTA DI GIOCATTOLI E LIBRI<\/strong><\/p>\n\n\n\n<p>(NUOVI o in buono stato di conservazione)<strong><br><br>Luogo di raccolta:<\/strong><br>Comune di Succivo \u2013 Settore Politiche Sociali<strong><br><br>Periodo di donazione:<\/strong><br>da luned\u00ec 1 dicembre 2025<br>a marted\u00ec 23 dicembre 2025<strong><br><br>Orari di apertura:<\/strong><\/p>\n\n\n\n<p>Luned\u00ec, Mercoled\u00ec, Venerd\u00ec \u2192 09:00 \u2013 12:00<br>Marted\u00ec, Gioved\u00ec \u2192 15:00 \u2013 17:30<\/p>\n\n\n\n<p>\ud83c\udf84&nbsp;<strong>Distribuzione<\/strong><\/p>\n\n\n\n<p>I beni raccolti saranno distribuiti:<\/p>\n\n\n\n<p>Marted\u00ec 24 dicembre 2025<br>nell\u2019ambito della \u201cFesta di Comunit\u00e0\u201d<br>Piazza IV Novembre \u2013 Succivo<br>dalle 10:00 alle 12:00<\/p>\n\n\n\n<figure class=\"wp-block-image size-large\"><img loading=\"lazy\" decoding=\"async\" width=\"716\" height=\"1024\" src=\"https:\/\/cittaamicheunicef.comune.succivo.ce.it\/wp-content\/uploads\/2025\/12\/WhatsApp-Image-2025-12-03-at-09.58.58-716x1024.jpeg\" alt=\"\" class=\"wp-image-688\" srcset=\"http:\/\/cittaamicheunicef.comune.succivo.ce.it\/wp-content\/uploads\/2025\/12\/WhatsApp-Image-2025-12-03-at-09.58.58-716x1024.jpeg 716w, http:\/\/cittaamicheunicef.comune.succivo.ce.it\/wp-content\/uploads\/2025\/12\/WhatsApp-Image-2025-12-03-at-09.58.58-210x300.jpeg 210w, http:\/\/cittaamicheunicef.comune.succivo.ce.it\/wp-content\/uploads\/2025\/12\/WhatsApp-Image-2025-12-03-at-09.58.58-768x1098.jpeg 768w, http:\/\/cittaamicheunicef.comune.succivo.ce.it\/wp-content\/uploads\/2025\/12\/WhatsApp-Image-2025-12-03-at-09.58.58-1074x1536.jpeg 1074w, http:\/\/cittaamicheunicef.comune.succivo.ce.it\/wp-content\/uploads\/2025\/12\/WhatsApp-Image-2025-12-03-at-09.58.58.jpeg 1119w\" sizes=\"auto, (max-width: 716px) 100vw, 716px\" \/><\/figure>\n","protected":false},"excerpt":{"rendered":"<p>Concorso fotografico \u201cUno scatto per il clima: ambiente e futuro visti da me\u201d In occasione della Giornata per l&#8217;Ambiente, il 5 giugno scorso \u00e8 stato lanciato da UNICEF Italia il concorso fotografico&nbsp;&#8220;Uno scatto per il clima: ambiente e futuro visti da me&#8221;&nbsp;rivolto a ragazze e ragazzi tra i&nbsp;14 e i 19 anni. L\u2019obiettivo \u00e8 sensibilizzare &hellip; <\/p>\n<p class=\"link-more\"><a href=\"http:\/\/cittaamicheunicef.comune.succivo.ce.it\/?page_id=610\" class=\"more-link\">Continue reading<span class=\"screen-reader-text\"> &#8220;News&#8221;<\/span><\/a><\/p>\n","protected":false},"author":3,"featured_media":0,"parent":0,"menu_order":0,"comment_status":"closed","ping_status":"closed","template":"","meta":{"footnotes":""},"class_list":["post-610","page","type-page","status-publish","hentry"],"_links":{"self":[{"href":"http:\/\/cittaamicheunicef.comune.succivo.ce.it\/index.php?rest_route=\/wp\/v2\/pages\/610","targetHints":{"allow":["GET"]}}],"collection":[{"href":"http:\/\/cittaamicheunicef.comune.succivo.ce.it\/index.php?rest_route=\/wp\/v2\/pages"}],"about":[{"href":"http:\/\/cittaamicheunicef.comune.succivo.ce.it\/index.php?rest_route=\/wp\/v2\/types\/page"}],"author":[{"embeddable":true,"href":"http:\/\/cittaamicheunicef.comune.succivo.ce.it\/index.php?rest_route=\/wp\/v2\/users\/3"}],"replies":[{"embeddable":true,"href":"http:\/\/cittaamicheunicef.comune.succivo.ce.it\/index.php?rest_route=%2Fwp%2Fv2%2Fcomments&post=610"}],"version-history":[{"count":13,"href":"http:\/\/cittaamicheunicef.comune.succivo.ce.it\/index.php?rest_route=\/wp\/v2\/pages\/610\/revisions"}],"predecessor-version":[{"id":690,"href":"http:\/\/cittaamicheunicef.comune.succivo.ce.it\/index.php?rest_route=\/wp\/v2\/pages\/610\/revisions\/690"}],"wp:attachment":[{"href":"http:\/\/cittaamicheunicef.comune.succivo.ce.it\/index.php?rest_route=%2Fwp%2Fv2%2Fmedia&parent=610"}],"curies":[{"name":"wp","href":"https:\/\/api.w.org\/{rel}","templated":true}]}}